{"id":3469,"date":"2022-03-17T11:10:09","date_gmt":"2022-03-17T10:10:09","guid":{"rendered":"https:\/\/inspire.edu.pl\/?page_id=3469"},"modified":"2022-03-17T12:39:07","modified_gmt":"2022-03-17T11:39:07","slug":"anna-kupczyk","status":"publish","type":"page","link":"https:\/\/inspire.edu.pl\/en\/who-we-are\/people\/anna-kupczyk\/","title":{"rendered":"Anna Kupczyk"},"content":{"rendered":"[vc_row type=&#8221;full_width_content&#8221; full_screen_row_position=&#8221;middle&#8221; column_margin=&#8221;default&#8221; column_direction=&#8221;default&#8221; column_direction_tablet=&#8221;default&#8221; column_direction_phone=&#8221;default&#8221; scene_position=&#8221;center&#8221; text_color=&#8221;light&#8221; text_align=&#8221;left&#8221; row_border_radius=&#8221;none&#8221; row_border_radius_applies=&#8221;bg&#8221; class=&#8221;profile&#8221; overlay_strength=&#8221;0.3&#8243; gradient_direction=&#8221;left_to_right&#8221; shape_divider_position=&#8221;bottom&#8221; bg_image_animation=&#8221;none&#8221; shape_type=&#8221;&#8221;][vc_column column_padding=&#8221;no-extra-padding&#8221; column_padding_tablet=&#8221;inherit&#8221; column_padding_phone=&#8221;inherit&#8221; column_padding_position=&#8221;all&#8221; background_color_opacity=&#8221;1&#8243; background_hover_color_opacity=&#8221;1&#8243; column_shadow=&#8221;none&#8221; column_border_radius=&#8221;none&#8221; column_link_target=&#8221;_self&#8221; gradient_direction=&#8221;left_to_right&#8221; overlay_strength=&#8221;0.3&#8243; width=&#8221;2\/3&#8243; tablet_width_inherit=&#8221;default&#8221; tablet_text_alignment=&#8221;default&#8221; phone_text_alignment=&#8221;default&#8221; column_border_width=&#8221;none&#8221; column_border_style=&#8221;solid&#8221; bg_image_animation=&#8221;none&#8221; offset=&#8221;vc_col-lg-8 vc_col-md-12&#8243;][image_with_animation image_url=&#8221;867&#8243; animation=&#8221;Fade In&#8221; hover_animation=&#8221;none&#8221; alignment=&#8221;center&#8221; border_radius=&#8221;none&#8221; box_shadow=&#8221;none&#8221; image_loading=&#8221;default&#8221; max_width=&#8221;100%&#8221; max_width_mobile=&#8221;default&#8221; el_class=&#8221;close-profile&#8221; img_link=&#8221;https:\/\/inspire.edu.pl\/who-we-are\/people\/&#8221;][vc_custom_heading source=&#8221;post_title&#8221; font_container=&#8221;tag:h1|font_size:22px|text_align:left&#8221; use_theme_fonts=&#8221;yes&#8221;][vc_custom_heading text=&#8221;HR strategist, Talent Development &amp; Team management expert&#8221; font_container=&#8221;tag:h5|font_size:14px|text_align:left|color:%23e38ab5&#8243; use_theme_fonts=&#8221;yes&#8221;][image_with_animation image_url=&#8221;3485&#8243; animation=&#8221;Fade In&#8221; hover_animation=&#8221;none&#8221; alignment=&#8221;center&#8221; border_radius=&#8221;none&#8221; box_shadow=&#8221;none&#8221; image_loading=&#8221;default&#8221; max_width=&#8221;100%&#8221; max_width_mobile=&#8221;default&#8221;][vc_column_text]Jest strategiem w obszarze Talent Managementu. Umiej\u0119tnie \u0142\u0105czy rozwi\u0105zania HR ze strategi\u0105 biznesow\u0105 dzi\u0119ki praktycznej znajomo\u015bci i do\u015bwiadczeniu w obu obszarach. Przez 9 lat pracowa\u0142a dla najwi\u0119kszych marketer\u00f3w na Polskim rynku w zakresie digital marketingu. Zbudowane przez ni\u0105 kompetencje zespo\u0142u Talent&amp;Culture oraz wdro\u017cone w organizacji rozwi\u0105zania zosta\u0142y wyr\u00f3\u017cnione przez Top Emplyers Institute certyfikatem przyznawanym pracodawcom z najwy\u017cszymi standardami HR.<\/p>\n<p>Certyfikowany Trener, Coach i\u00a0 Wellbeing Advisor. Autorka program\u00f3w rozwojowych z obszaru zarz\u0105dzania zespo\u0142em, rozwoju osobistego i kreatywno\u015bci. Anga\u017cuje si\u0119 tak\u017ce w projekty non-profit. Jest mentork\u0105 w najwi\u0119kszym polskim programie mentoringowym Fundacji Liderek Biznesu oraz facylitatorem w projekcie #IamRemarkable sygnowanym przez Google.<\/p>\n<p>Wolny czas sp\u0119dza kreatywnie. Odnawia stare meble daj\u0105c im drugie \u017cycie oraz projektuje i szyje ubrania dla swoich c\u00f3rek.[\/vc_column_text][\/vc_column][vc_column column_padding=&#8221;no-extra-padding&#8221; column_padding_tablet=&#8221;inherit&#8221; column_padding_phone=&#8221;inherit&#8221; column_padding_position=&#8221;all&#8221; background_color_opacity=&#8221;1&#8243; background_hover_color_opacity=&#8221;1&#8243; column_shadow=&#8221;none&#8221; column_border_radius=&#8221;none&#8221; column_link_target=&#8221;_self&#8221; gradient_direction=&#8221;left_to_right&#8221; overlay_strength=&#8221;0.3&#8243; width=&#8221;1\/3&#8243; tablet_width_inherit=&#8221;default&#8221; tablet_text_alignment=&#8221;default&#8221; phone_text_alignment=&#8221;default&#8221; column_border_width=&#8221;none&#8221; column_border_style=&#8221;solid&#8221; bg_image_animation=&#8221;none&#8221;][\/vc_column][\/vc_row]\n","protected":false},"excerpt":{"rendered":"<p>[vc_row type=&#8221;full_width_content&#8221; full_screen_row_position=&#8221;middle&#8221; column_margin=&#8221;default&#8221; column_direction=&#8221;default&#8221; column_direction_tablet=&#8221;default&#8221; column_direction_phone=&#8221;default&#8221; scene_position=&#8221;center&#8221; text_color=&#8221;light&#8221; text_align=&#8221;left&#8221; row_border_radius=&#8221;none&#8221; row_border_radius_applies=&#8221;bg&#8221; class=&#8221;profile&#8221; overlay_strength=&#8221;0.3&#8243; gradient_direction=&#8221;left_to_right&#8221; shape_divider_position=&#8221;bottom&#8221; bg_image_animation=&#8221;none&#8221; shape_type=&#8221;&#8221;][vc_column column_padding=&#8221;no-extra-padding&#8221; column_padding_tablet=&#8221;inherit&#8221; column_padding_phone=&#8221;inherit&#8221; column_padding_position=&#8221;all&#8221; background_color_opacity=&#8221;1&#8243; background_hover_color_opacity=&#8221;1&#8243; column_shadow=&#8221;none&#8221; column_border_radius=&#8221;none&#8221; column_link_target=&#8221;_self&#8221; gradient_direction=&#8221;left_to_right&#8221; overlay_strength=&#8221;0.3&#8243; width=&#8221;2\/3&#8243;&#8230;<\/p>\n","protected":false},"author":13,"featured_media":0,"parent":197,"menu_order":0,"comment_status":"closed","ping_status":"closed","template":"","meta":{"_acf_changed":false,"footnotes":""},"class_list":["post-3469","page","type-page","status-publish"],"acf":[],"yoast_head":"<!-- This site is optimized with the Yoast SEO plugin v25.2 - https:\/\/yoast.com\/wordpress\/plugins\/seo\/ -->\n<title>Anna Kupczyk | Inspire<\/title>\n<meta name=\"description\" content=\"Want to learn how it is possible for Us to provide such suberb training and help? Its is also thanks to Anna Kupczyk - Learn more!\" \/>\n<meta name=\"robots\" content=\"index, follow, max-snippet:-1, max-image-preview:large, max-video-preview:-1\" \/>\n<link rel=\"canonical\" href=\"https:\/\/inspire.edu.pl\/en\/who-we-are\/people\/anna-kupczyk\/\" \/>\n<meta property=\"og:locale\" content=\"en_US\" \/>\n<meta property=\"og:type\" content=\"article\" \/>\n<meta property=\"og:title\" content=\"Anna Kupczyk | Inspire\" \/>\n<meta property=\"og:description\" content=\"Want to learn how it is possible for Us to provide such suberb training and help? Its is also thanks to Anna Kupczyk - Learn more!\" \/>\n<meta property=\"og:url\" content=\"https:\/\/inspire.edu.pl\/en\/who-we-are\/people\/anna-kupczyk\/\" \/>\n<meta property=\"og:site_name\" content=\"Inspire\" \/>\n<meta property=\"article:modified_time\" content=\"2022-03-17T11:39:07+00:00\" \/>\n<meta name=\"twitter:card\" content=\"summary_large_image\" \/>\n<meta name=\"twitter:label1\" content=\"Est. reading time\" \/>\n\t<meta name=\"twitter:data1\" content=\"1 minute\" \/>\n<script type=\"application\/ld+json\" class=\"yoast-schema-graph\">{\"@context\":\"https:\/\/schema.org\",\"@graph\":[{\"@type\":\"WebPage\",\"@id\":\"https:\/\/inspire.edu.pl\/en\/who-we-are\/people\/anna-kupczyk\/\",\"url\":\"https:\/\/inspire.edu.pl\/en\/who-we-are\/people\/anna-kupczyk\/\",\"name\":\"Anna Kupczyk | Inspire\",\"isPartOf\":{\"@id\":\"https:\/\/inspire.edu.pl\/#website\"},\"datePublished\":\"2022-03-17T10:10:09+00:00\",\"dateModified\":\"2022-03-17T11:39:07+00:00\",\"description\":\"Want to learn how it is possible for Us to provide such suberb training and help? Its is also thanks to Anna Kupczyk - Learn more!\",\"breadcrumb\":{\"@id\":\"https:\/\/inspire.edu.pl\/en\/who-we-are\/people\/anna-kupczyk\/#breadcrumb\"},\"inLanguage\":\"en-US\",\"potentialAction\":[{\"@type\":\"ReadAction\",\"target\":[\"https:\/\/inspire.edu.pl\/en\/who-we-are\/people\/anna-kupczyk\/\"]}]},{\"@type\":\"BreadcrumbList\",\"@id\":\"https:\/\/inspire.edu.pl\/en\/who-we-are\/people\/anna-kupczyk\/#breadcrumb\",\"itemListElement\":[{\"@type\":\"ListItem\",\"position\":1,\"name\":\"Home\",\"item\":\"https:\/\/inspire.edu.pl\/en\/\"},{\"@type\":\"ListItem\",\"position\":2,\"name\":\"WHO WE ARE\",\"item\":\"https:\/\/inspire.edu.pl\/en\/who-we-are\/\"},{\"@type\":\"ListItem\",\"position\":3,\"name\":\"People\",\"item\":\"https:\/\/inspire.edu.pl\/en\/who-we-are\/people\/\"},{\"@type\":\"ListItem\",\"position\":4,\"name\":\"Anna Kupczyk\"}]},{\"@type\":\"WebSite\",\"@id\":\"https:\/\/inspire.edu.pl\/#website\",\"url\":\"https:\/\/inspire.edu.pl\/\",\"name\":\"Inspire\",\"description\":\"Kolejna witryna oparta na WordPressie\",\"publisher\":{\"@id\":\"https:\/\/inspire.edu.pl\/#organization\"},\"potentialAction\":[{\"@type\":\"SearchAction\",\"target\":{\"@type\":\"EntryPoint\",\"urlTemplate\":\"https:\/\/inspire.edu.pl\/?s={search_term_string}\"},\"query-input\":{\"@type\":\"PropertyValueSpecification\",\"valueRequired\":true,\"valueName\":\"search_term_string\"}}],\"inLanguage\":\"en-US\"},{\"@type\":\"Organization\",\"@id\":\"https:\/\/inspire.edu.pl\/#organization\",\"name\":\"Inspire\",\"url\":\"https:\/\/inspire.edu.pl\/\",\"logo\":{\"@type\":\"ImageObject\",\"inLanguage\":\"en-US\",\"@id\":\"https:\/\/inspire.edu.pl\/#\/schema\/logo\/image\/\",\"url\":\"https:\/\/inspire.edu.pl\/wp-content\/uploads\/2021\/07\/LOGO-INSPIRE_new3-02_small-scaled.jpg\",\"contentUrl\":\"https:\/\/inspire.edu.pl\/wp-content\/uploads\/2021\/07\/LOGO-INSPIRE_new3-02_small-scaled.jpg\",\"width\":2560,\"height\":1521,\"caption\":\"Inspire\"},\"image\":{\"@id\":\"https:\/\/inspire.edu.pl\/#\/schema\/logo\/image\/\"}}]}<\/script>\n<!-- \/ Yoast SEO plugin. -->","yoast_head_json":{"title":"Anna Kupczyk | Inspire","description":"Want to learn how it is possible for Us to provide such suberb training and help? Its is also thanks to Anna Kupczyk - Learn more!","robots":{"index":"index","follow":"follow","max-snippet":"max-snippet:-1","max-image-preview":"max-image-preview:large","max-video-preview":"max-video-preview:-1"},"canonical":"https:\/\/inspire.edu.pl\/en\/who-we-are\/people\/anna-kupczyk\/","og_locale":"en_US","og_type":"article","og_title":"Anna Kupczyk | Inspire","og_description":"Want to learn how it is possible for Us to provide such suberb training and help? Its is also thanks to Anna Kupczyk - Learn more!","og_url":"https:\/\/inspire.edu.pl\/en\/who-we-are\/people\/anna-kupczyk\/","og_site_name":"Inspire","article_modified_time":"2022-03-17T11:39:07+00:00","twitter_card":"summary_large_image","twitter_misc":{"Est. reading time":"1 minute"},"schema":{"@context":"https:\/\/schema.org","@graph":[{"@type":"WebPage","@id":"https:\/\/inspire.edu.pl\/en\/who-we-are\/people\/anna-kupczyk\/","url":"https:\/\/inspire.edu.pl\/en\/who-we-are\/people\/anna-kupczyk\/","name":"Anna Kupczyk | Inspire","isPartOf":{"@id":"https:\/\/inspire.edu.pl\/#website"},"datePublished":"2022-03-17T10:10:09+00:00","dateModified":"2022-03-17T11:39:07+00:00","description":"Want to learn how it is possible for Us to provide such suberb training and help? Its is also thanks to Anna Kupczyk - Learn more!","breadcrumb":{"@id":"https:\/\/inspire.edu.pl\/en\/who-we-are\/people\/anna-kupczyk\/#breadcrumb"},"inLanguage":"en-US","potentialAction":[{"@type":"ReadAction","target":["https:\/\/inspire.edu.pl\/en\/who-we-are\/people\/anna-kupczyk\/"]}]},{"@type":"BreadcrumbList","@id":"https:\/\/inspire.edu.pl\/en\/who-we-are\/people\/anna-kupczyk\/#breadcrumb","itemListElement":[{"@type":"ListItem","position":1,"name":"Home","item":"https:\/\/inspire.edu.pl\/en\/"},{"@type":"ListItem","position":2,"name":"WHO WE ARE","item":"https:\/\/inspire.edu.pl\/en\/who-we-are\/"},{"@type":"ListItem","position":3,"name":"People","item":"https:\/\/inspire.edu.pl\/en\/who-we-are\/people\/"},{"@type":"ListItem","position":4,"name":"Anna Kupczyk"}]},{"@type":"WebSite","@id":"https:\/\/inspire.edu.pl\/#website","url":"https:\/\/inspire.edu.pl\/","name":"Inspire","description":"Kolejna witryna oparta na WordPressie","publisher":{"@id":"https:\/\/inspire.edu.pl\/#organization"},"potentialAction":[{"@type":"SearchAction","target":{"@type":"EntryPoint","urlTemplate":"https:\/\/inspire.edu.pl\/?s={search_term_string}"},"query-input":{"@type":"PropertyValueSpecification","valueRequired":true,"valueName":"search_term_string"}}],"inLanguage":"en-US"},{"@type":"Organization","@id":"https:\/\/inspire.edu.pl\/#organization","name":"Inspire","url":"https:\/\/inspire.edu.pl\/","logo":{"@type":"ImageObject","inLanguage":"en-US","@id":"https:\/\/inspire.edu.pl\/#\/schema\/logo\/image\/","url":"https:\/\/inspire.edu.pl\/wp-content\/uploads\/2021\/07\/LOGO-INSPIRE_new3-02_small-scaled.jpg","contentUrl":"https:\/\/inspire.edu.pl\/wp-content\/uploads\/2021\/07\/LOGO-INSPIRE_new3-02_small-scaled.jpg","width":2560,"height":1521,"caption":"Inspire"},"image":{"@id":"https:\/\/inspire.edu.pl\/#\/schema\/logo\/image\/"}}]}},"_links":{"self":[{"href":"https:\/\/inspire.edu.pl\/en\/wp-json\/wp\/v2\/pages\/3469","targetHints":{"allow":["GET"]}}],"collection":[{"href":"https:\/\/inspire.edu.pl\/en\/wp-json\/wp\/v2\/pages"}],"about":[{"href":"https:\/\/inspire.edu.pl\/en\/wp-json\/wp\/v2\/types\/page"}],"author":[{"embeddable":true,"href":"https:\/\/inspire.edu.pl\/en\/wp-json\/wp\/v2\/users\/13"}],"replies":[{"embeddable":true,"href":"https:\/\/inspire.edu.pl\/en\/wp-json\/wp\/v2\/comments?post=3469"}],"version-history":[{"count":6,"href":"https:\/\/inspire.edu.pl\/en\/wp-json\/wp\/v2\/pages\/3469\/revisions"}],"predecessor-version":[{"id":3475,"href":"https:\/\/inspire.edu.pl\/en\/wp-json\/wp\/v2\/pages\/3469\/revisions\/3475"}],"up":[{"embeddable":true,"href":"https:\/\/inspire.edu.pl\/en\/wp-json\/wp\/v2\/pages\/197"}],"wp:attachment":[{"href":"https:\/\/inspire.edu.pl\/en\/wp-json\/wp\/v2\/media?parent=3469"}],"curies":[{"name":"wp","href":"https:\/\/api.w.org\/{rel}","templated":true}]}}